{"id":13,"date":"2018-09-25T15:42:17","date_gmt":"2018-09-25T15:42:17","guid":{"rendered":"http:\/\/www.jinsg.pt\/?page_id=13"},"modified":"2025-05-31T18:16:00","modified_gmt":"2025-05-31T18:16:00","slug":"contatos","status":"publish","type":"page","link":"https:\/\/www.jinsg.pt\/?page_id=13","title":{"rendered":"Contatos"},"content":{"rendered":"<p><strong><img loading=\"lazy\" class=\"alignnone size-medium wp-image-26\" src=\"http:\/\/www.jinsg.pt\/wordpress\/wp-content\/uploads\/2018\/01\/pan-xiaozhen-423533-300x212.jpg\" alt=\"\" width=\"300\" height=\"212\" srcset=\"https:\/\/www.jinsg.pt\/wordpress\/wp-content\/uploads\/2018\/01\/pan-xiaozhen-423533-300x212.jpg 300w, https:\/\/www.jinsg.pt\/wordpress\/wp-content\/uploads\/2018\/01\/pan-xiaozhen-423533-768x542.jpg 768w, https:\/\/www.jinsg.pt\/wordpress\/wp-content\/uploads\/2018\/01\/pan-xiaozhen-423533-1024x722.jpg 1024w\" sizes=\"(max-width: 300px) 100vw, 300px\" \/><\/strong><\/p>\n<p><strong>Associa\u00e7\u00e3o Jardim-de-Inf\u00e2ncia Nossa Senhora das Gra\u00e7as<\/strong><br \/>\nRua General Ferreira Martins, n.\u00ba 16<br \/>\n1495-137 Alg\u00e9s<\/p>\n<p>214 117 785*<\/p>\n<p>*Chamada para Rede Fixa Nacional<\/p>\n<p>Sinta-se \u00e0 vontade para nos contactar por telefone ou para nos visitar entre as horas:<\/p>\n<p>Seg &#8211; Sex 8:30 &#8211; 19:00<\/p>\n<p>Ou envie-nos um e-mail 24 horas por dia, iremos responder no prazo de 1 dia \u00fatil.<\/p>\n<p style=\"padding-left: 30px;\">Secretaria: <a href=\"mailto:secretaria@jinsg.pt\">secretaria@jinsg.pt<\/a><\/p>\n<p style=\"padding-left: 30px;\">Dire\u00e7\u00e3o: <a href=\"mailto:direcao@jinsg.pt\">direcao@jinsg.pt<\/a><\/p>\n<p style=\"padding-left: 30px;\">Geral: <a href=\"mailto:geral@jinsg.pt\">geral@jinsg.pt<\/a><\/p>\n<p>Se preferir contatar-nos diretamente:<\/p>\n<div role=\"form\" class=\"wpcf7\" id=\"wpcf7-f12-o1\" lang=\"pt-PT\" dir=\"ltr\">\n<div class=\"screen-reader-response\" role=\"alert\" aria-live=\"polite\"><\/div>\n<form action=\"\/index.php?rest_route=%2Fwp%2Fv2%2Fpages%2F13#wpcf7-f12-o1\" method=\"post\" class=\"wpcf7-form init\" novalidate=\"novalidate\">\n<div style=\"display: none;\">\n<input type=\"hidden\" name=\"_wpcf7\" value=\"12\" \/>\n<input type=\"hidden\" name=\"_wpcf7_version\" value=\"5.2.2\" \/>\n<input type=\"hidden\" name=\"_wpcf7_locale\" value=\"pt_PT\" \/>\n<input type=\"hidden\" name=\"_wpcf7_unit_tag\" value=\"wpcf7-f12-o1\" \/>\n<input type=\"hidden\" name=\"_wpcf7_container_post\" value=\"0\" \/>\n<input type=\"hidden\" name=\"_wpcf7_posted_data_hash\" value=\"\" \/>\n<\/div>\n<p><label> O seu nome (obrigat\u00f3rio)<br \/>\n    <span class=\"wpcf7-form-control-wrap your-name\"><input type=\"text\" name=\"your-name\" value=\"\" size=\"40\" class=\"wpcf7-form-control wpcf7-text wpcf7-validates-as-required\" aria-required=\"true\" aria-invalid=\"false\" \/><\/span> <\/label><\/p>\n<p><label> O seu email (obrigat\u00f3rio)<br \/>\n    <span class=\"wpcf7-form-control-wrap your-email\"><input type=\"email\" name=\"your-email\" value=\"\" size=\"40\" class=\"wpcf7-form-control wpcf7-text wpcf7-email wpcf7-validates-as-required wpcf7-validates-as-email\" aria-required=\"true\" aria-invalid=\"false\" \/><\/span> <\/label><\/p>\n<p><label> O seu telefone (facultativo)<br \/>\n    <span class=\"wpcf7-form-control-wrap tel-153\"><input type=\"tel\" name=\"tel-153\" value=\"\" size=\"40\" class=\"wpcf7-form-control wpcf7-text wpcf7-tel wpcf7-validates-as-tel\" aria-invalid=\"false\" \/><\/span> <\/label><\/p>\n<p><label> Assunto<br \/>\n    <span class=\"wpcf7-form-control-wrap your-subject\"><input type=\"text\" name=\"your-subject\" value=\"\" size=\"40\" class=\"wpcf7-form-control wpcf7-text\" aria-invalid=\"false\" \/><\/span> <\/label><\/p>\n<p><label> A sua mensagem<br \/>\n    <span class=\"wpcf7-form-control-wrap your-message\"><textarea name=\"your-message\" cols=\"40\" rows=\"10\" class=\"wpcf7-form-control wpcf7-textarea\" aria-invalid=\"false\"><\/textarea><\/span> <\/label><br \/>\n[recaptcha]<br \/>\n<input type=\"submit\" value=\"Enviar\" class=\"wpcf7-form-control wpcf7-submit\" \/><\/p>\n<div class=\"wpcf7-response-output\" role=\"alert\" aria-hidden=\"true\"><\/div><\/form><\/div>\n","protected":false},"excerpt":{"rendered":"<p>Associa\u00e7\u00e3o Jardim-de-Inf\u00e2ncia Nossa Senhora das Gra\u00e7as Rua General Ferreira Martins, n.\u00ba 16 1495-137 Alg\u00e9s 214 117 785* *Chamada para Rede Fixa Nacional Sinta-se \u00e0 vontade para nos contactar por telefone ou para nos visitar entre as horas: Seg &#8211; Sex &hellip; <\/p>\n","protected":false},"author":1,"featured_media":0,"parent":0,"menu_order":0,"comment_status":"closed","ping_status":"closed","template":"","meta":[],"_links":{"self":[{"href":"https:\/\/www.jinsg.pt\/index.php?rest_route=\/wp\/v2\/pages\/13"}],"collection":[{"href":"https:\/\/www.jinsg.pt\/index.php?rest_route=\/wp\/v2\/pages"}],"about":[{"href":"https:\/\/www.jinsg.pt\/index.php?rest_route=\/wp\/v2\/types\/page"}],"author":[{"embeddable":true,"href":"https:\/\/www.jinsg.pt\/index.php?rest_route=\/wp\/v2\/users\/1"}],"replies":[{"embeddable":true,"href":"https:\/\/www.jinsg.pt\/index.php?rest_route=%2Fwp%2Fv2%2Fcomments&post=13"}],"version-history":[{"count":9,"href":"https:\/\/www.jinsg.pt\/index.php?rest_route=\/wp\/v2\/pages\/13\/revisions"}],"predecessor-version":[{"id":2253,"href":"https:\/\/www.jinsg.pt\/index.php?rest_route=\/wp\/v2\/pages\/13\/revisions\/2253"}],"wp:attachment":[{"href":"https:\/\/www.jinsg.pt\/index.php?rest_route=%2Fwp%2Fv2%2Fmedia&parent=13"}],"curies":[{"name":"wp","href":"https:\/\/api.w.org\/{rel}","templated":true}]}}