{"id":48,"date":"2018-01-25T23:24:30","date_gmt":"2018-01-25T23:24:30","guid":{"rendered":"http:\/\/www.jinsg.pt\/?page_id=48"},"modified":"2020-11-25T22:15:07","modified_gmt":"2020-11-25T22:15:07","slug":"sobre-nos","status":"publish","type":"page","link":"https:\/\/www.jinsg.pt\/?page_id=48","title":{"rendered":"Sobre N\u00f3s"},"content":{"rendered":"<h3><strong>Natureza<\/strong><\/h3>\n<p>A <strong>Associa\u00e7\u00e3o Jardim de Inf\u00e2ncia Nossa Senhora das Gra\u00e7as<\/strong> \u00e9 uma Institui\u00e7\u00e3o Particular de Solidariedade Social, sem fins lucrativos, Pessoa Coletiva n\u00ba 500 852 529, fundada por escritura p\u00fablica de 22\/02\/1942, reconhecida de utilidade p\u00fablica, nos termos do disposto no art.\u00ba 8.\u00ba, do Estatuto das Institui\u00e7\u00f5es Particulares de Solidariedade Social, aprovado pelo Decreto-Lei n.\u00ba 119\/83, de 25 de fevereiro alterado e republicado pelo Decreto-Lei n.\u00ba 172-A\/2014, de 14 de novembro. Est\u00e1 registada na Dire\u00e7\u00e3o-Geral da Seguran\u00e7a Social desde 18\/11\/1987, sob a inscri\u00e7\u00e3o n.\u00ba 93\/87 a fls. 156 do Livro n.\u00ba 3 e fls. 123 do Livro n.\u00ba 12 das Associa\u00e7\u00f5es de Solidariedade Social. Por despacho de 02 de outubro de 2015, foi concedido pela C\u00e2mara Municipal de Oeiras o Alvar\u00e1 de Autoriza\u00e7\u00e3o de Utiliza\u00e7\u00e3o N.\u00ba 162.<\/p>\n<h3><strong>Miss\u00e3o e Filosofia<\/strong><\/h3>\n<p>O JINSG quer dedicar a sua reflex\u00e3o \u00e0 filosofia que p\u00f5e em pr\u00e1tica. O essencial baseia-se, e muito simplesmente, no crescimento em Pessoa.<br \/>\nClaramente estamos a falar de um processo de crescimento sem deixar de olhar para dentro.<br \/>\nOs primeiros anos de vida s\u00e3o um tempo fundamental de prepara\u00e7\u00e3o para toda a vida escolar que se segue. \u00c9 um tempo onde se criam fortes ra\u00edzes de conhecimento, n\u00e3o apenas do ponto de vista pr\u00e1tico, mas muito especialmente de saber Humano. Antes de juntar 1+1 junta-se Atitude+Verdade e chega-se \u00e0 Coer\u00eancia. Aprende-se a Ser. Verbaliza-se a Intelig\u00eancia com a Sensibilidade. D\u00e1-se \u00e0 pr\u00e1tica do conhecimento o valor da Aprendizagem.<\/p>\n<p>OBJECTIVOS GERAIS:<br \/>\n1. Abrir horizontes de procura e descoberta onde seja poss\u00edvel identificar os verdadeiros Valores da Vida, e n\u00e3o apenas preencher a capacidade de conhecimento e aprendizagem atrav\u00e9s de mais e mais informa\u00e7\u00e3o.<\/p>\n<p>2. Deixar que o interior de cada crian\u00e7a se revele a si mesma e lhe d\u00ea a satisfa\u00e7\u00e3o de se ver projetada na sociedade como elemento construtivo e diferenciador e n\u00e3o apenas como mais uma pessoa entre outras.<\/p>\n<p>3. Estimular o desejo de crescer e o prazer de criar conduzindo ao desenvolvimento global: cognitivo, afetivo, social e motor.<\/p>\n<p>OBJECTIVOS ESPEC\u00cdFICOS:<\/p>\n<p>\u2022 Estimular e desenvolver o sentido de responsabilidade e a capacidades de autocr\u00edtica dando sempre abertura e valor ao poder de decis\u00e3o;<\/p>\n<p>\u2022 Transmitir em todos os momentos um esp\u00edrito de partilha despertando em cada crian\u00e7a a vontade e a satisfa\u00e7\u00e3o de dar e de se dar;<\/p>\n<p>\u2022 Criar a no\u00e7\u00e3o de grupo, nunca atrav\u00e9s de regras ditadas ou impostas, mas projetadas com sentido, tendo sempre como refer\u00eancia o espa\u00e7o individual de cada um assim como a integra\u00e7\u00e3o na comunidade;<\/p>\n<p>\u2022 Estimular a imagina\u00e7\u00e3o e a criatividade e deixar que o tempo corra e ganhe ra\u00edzes atrav\u00e9s da experimenta\u00e7\u00e3o dos materiais e dos sentidos, para que seja cada vez maior a vontade de criar;<\/p>\n<p>\u2022 Cultivar a sensibilidade pela Natureza e pela Arte; pelos Outros e pelas Atitudes, apelando \u00e0 reflex\u00e3o e ao conforto;<\/p>\n<p>\u2022 Dinamizar a express\u00e3o pelo movimento e pela dramatiza\u00e7\u00e3o, conduzindo ao dom\u00ednio corporal, \u00e0 estrutura\u00e7\u00e3o esp\u00e1cio-temporal e ao desbloqueamento de conflitos interiores.<\/p>\n<p>\u2022 Ajudar a crian\u00e7a a viver de forma pr\u00e1tica os seus conflitos, conflitos esses que existem em todas as crian\u00e7as e fazem parte integrante do seu crescimento;<\/p>\n<p>\u2022 Reservar e promover o encontro Fam\u00edlia-JINSG, fazendo dessa liga\u00e7\u00e3o um projeto renovador.<\/p>\n<p>\u2022 Despertar para a f\u00e9 cat\u00f3lica, pilar da Institui\u00e7\u00e3o, de uma forma natural e adequada \u00e0 idade de cada crian\u00e7a.<\/p>\n<hr \/>\n<h3><\/h3>\n<h3><strong>Val\u00eancias<\/strong><\/h3>\n<h4><strong>Jardim de Inf\u00e2ncia<\/strong><\/h4>\n<p>Capacidade: 50 Crian\u00e7as<\/p>\n<h4><strong>Creche com Ber\u00e7\u00e1rio<\/strong><\/h4>\n<p>Capacidade: 48 Crian\u00e7as<\/p>\n<hr \/>\n<h3><strong>Livro 50 anos &#8211; Um Cora\u00e7\u00e3o que Palpita<\/strong><\/h3>\n<ul>\n<li><a href=\"https:\/\/www.jinsg.pt\/wordpress\/wp-content\/uploads\/2020\/11\/Capa-Nossa-Senhora.pdf\">Capa<\/a><\/li>\n<li><a href=\"https:\/\/www.jinsg.pt\/wordpress\/wp-content\/uploads\/2020\/11\/Livro-Nossa-Senhora.pdf\">Livro<\/a><\/li>\n<\/ul>\n<h4><\/h4>\n","protected":false},"excerpt":{"rendered":"<p>Natureza A Associa\u00e7\u00e3o Jardim de Inf\u00e2ncia Nossa Senhora das Gra\u00e7as \u00e9 uma Institui\u00e7\u00e3o Particular de Solidariedade Social, sem fins lucrativos, Pessoa Coletiva n\u00ba 500 852 529, fundada por escritura p\u00fablica de 22\/02\/1942, reconhecida de utilidade p\u00fablica, nos termos do disposto &hellip; <\/p>\n","protected":false},"author":1,"featured_media":0,"parent":0,"menu_order":0,"comment_status":"closed","ping_status":"closed","template":"","meta":[],"_links":{"self":[{"href":"https:\/\/www.jinsg.pt\/index.php?rest_route=\/wp\/v2\/pages\/48"}],"collection":[{"href":"https:\/\/www.jinsg.pt\/index.php?rest_route=\/wp\/v2\/pages"}],"about":[{"href":"https:\/\/www.jinsg.pt\/index.php?rest_route=\/wp\/v2\/types\/page"}],"author":[{"embeddable":true,"href":"https:\/\/www.jinsg.pt\/index.php?rest_route=\/wp\/v2\/users\/1"}],"replies":[{"embeddable":true,"href":"https:\/\/www.jinsg.pt\/index.php?rest_route=%2Fwp%2Fv2%2Fcomments&post=48"}],"version-history":[{"count":9,"href":"https:\/\/www.jinsg.pt\/index.php?rest_route=\/wp\/v2\/pages\/48\/revisions"}],"predecessor-version":[{"id":820,"href":"https:\/\/www.jinsg.pt\/index.php?rest_route=\/wp\/v2\/pages\/48\/revisions\/820"}],"wp:attachment":[{"href":"https:\/\/www.jinsg.pt\/index.php?rest_route=%2Fwp%2Fv2%2Fmedia&parent=48"}],"curies":[{"name":"wp","href":"https:\/\/api.w.org\/{rel}","templated":true}]}}