{"id":5,"date":"2018-01-25T15:06:23","date_gmt":"2018-01-25T15:06:23","guid":{"rendered":"http:\/\/www.jinsg.pt\/?page_id=5"},"modified":"2026-01-01T22:52:01","modified_gmt":"2026-01-01T22:52:01","slug":"bem-vindos-a-associacao-jardim-de-infancia-nossa-senhora-das-gracas","status":"publish","type":"page","link":"https:\/\/www.jinsg.pt\/","title":{"rendered":"Bem-vindos"},"content":{"rendered":"\n<figure class=\"wp-block-table is-style-stripes\"><table><tbody><tr><td><img loading=\"lazy\" width=\"640\" height=\"480\" class=\"wp-image-158\" style=\"width: 2500px;\" src=\"http:\/\/www.jinsg.pt\/wordpress\/wp-content\/uploads\/2018\/09\/34.jpg\" alt=\"\" srcset=\"https:\/\/www.jinsg.pt\/wordpress\/wp-content\/uploads\/2018\/09\/34.jpg 640w, https:\/\/www.jinsg.pt\/wordpress\/wp-content\/uploads\/2018\/09\/34-300x225.jpg 300w\" sizes=\"(max-width: 640px) 100vw, 640px\" \/><\/td><td><\/td><td><strong>Candidaturas no Jardim de Inf\u00e2ncia Nossa Senhora das Gra\u00e7as <\/strong><br><br><strong><a href=\"https:\/\/forms.cloud.microsoft\/e\/b8d2mQMrkB\" data-type=\"URL\" target=\"_blank\" rel=\"noreferrer noopener\">Ano Lectivo 2026-2027<\/a><\/strong> <br><br><strong>Nota:<\/strong> Endere\u00e7o a funcionar dia 01-Jan-2026 \u00e0s 00.00<\/td><\/tr><\/tbody><\/table><\/figure>\n\n\n<p><em>\u201cAprender \u00e9 importante, mas mais importante \u00e9 aprender a aprender e desejar continuar a aprender\u201d<\/em> &#8211; Pedro Arrupe, sj.-<\/p>\n<p>No JINSG queremos desenvolver na crian\u00e7a esta vontade continuada de aprender acreditando que nesta etapa do desenvolvimento humano, o jogo, a brincadeira e o car\u00e1cter l\u00fadico da aprendizagem devem ser uma constante de todo o processo, conscientes de que o prazer de aprender e de dominar determinadas compet\u00eancias exige concentra\u00e7\u00e3o, esfor\u00e7o e investimento pessoal.<br>Um dos grandes objetivos da nossa a\u00e7\u00e3o educativa \u00e9 a valoriza\u00e7\u00e3o das m\u00faltiplas Linguagens (Pl\u00e1stica, Dram\u00e1tica, Musical, Dan\u00e7a\u2026) e por isso da Arte em geral.<br>Atrav\u00e9s da Arte a crian\u00e7a \u00e9 confrontada com diferentes realidades, desenvolve a forma de sentir e percecionar os objetos e o mundo que a rodeia, e acede a formas de conhecimento que lhe possibilitam aprender a entender outras realidades \u2013 encontra-se e reconhece-se perante a adversidade.<br>O car\u00e1ter integrado da Arte (nas suas dimens\u00f5es emocional e cognitiva) potencia a a\u00e7\u00e3o educativa e favorece o desenvolvimento integral da crian\u00e7a.<br><em>\u201cA arte como linguagem agu\u00e7ada dos sentidos transmite significados que n\u00e3o podem ser transmitidos por meio de nenhum outro tipo de linguagem, tal como a discursiva ou cient\u00edfica.<\/em><br><em>\u00c9 um dos modos b\u00e1sicos que temos de formar e comunicar ideias.\u201d<\/em><br>&#8211; Ana Mae Barbosa-<\/p>\n<h5>&nbsp;<\/h5>\n<p><img loading=\"lazy\" class=\"alignnone size-medium wp-image-150\" style=\"background-color: transparent; color: #333333; font-family: Georgia,&amp;quot; times new roman&amp;quot;,&amp;quot;bitstream charter&amp;quot;,times,serif; font-size: 16px; font-style: normal; font-variant: normal; font-weight: 400; height: 300px; letter-spacing: normal; max-width: 660px; orphans: 2; outline-color: #72777c; outline-style: solid; outline-width: 1px; text-align: left; text-decoration: none; text-indent: 0px; text-transform: none; -webkit-text-stroke-width: 0px; white-space: normal; word-spacing: 0px;\" src=\"http:\/\/www.jinsg.pt\/wordpress\/wp-content\/uploads\/2018\/09\/5-e1537874035774-225x300.jpg\" alt=\"\" width=\"225\" height=\"300\" srcset=\"https:\/\/www.jinsg.pt\/wordpress\/wp-content\/uploads\/2018\/09\/5-e1537874035774-225x300.jpg 225w, https:\/\/www.jinsg.pt\/wordpress\/wp-content\/uploads\/2018\/09\/5-e1537874035774.jpg 480w\" sizes=\"(max-width: 225px) 100vw, 225px\" \/><img loading=\"lazy\" class=\"alignnone size-medium wp-image-148\" style=\"background-color: transparent; color: #333333; font-family: Georgia,&amp;quot; times new roman&amp;quot;,&amp;quot;bitstream charter&amp;quot;,times,serif; font-size: 16px; font-style: normal; font-variant: normal; font-weight: 400; height: 300px; letter-spacing: normal; max-width: 660px; orphans: 2; outline-color: #72777c; outline-style: solid; outline-width: 1px; text-align: left; text-decoration: none; text-indent: 0px; text-transform: none; -webkit-text-stroke-width: 0px; white-space: normal; word-spacing: 0px;\" src=\"http:\/\/www.jinsg.pt\/wordpress\/wp-content\/uploads\/2018\/09\/24-e1537874112491-225x300.jpg\" alt=\"\" width=\"225\" height=\"300\" srcset=\"https:\/\/www.jinsg.pt\/wordpress\/wp-content\/uploads\/2018\/09\/24-e1537874112491-225x300.jpg 225w, https:\/\/www.jinsg.pt\/wordpress\/wp-content\/uploads\/2018\/09\/24-e1537874112491.jpg 480w\" sizes=\"(max-width: 225px) 100vw, 225px\" \/><img loading=\"lazy\" class=\"alignnone size-medium wp-image-151\" style=\"background-color: transparent; color: #333333; font-family: Georgia,&amp;quot; times new roman&amp;quot;,&amp;quot;bitstream charter&amp;quot;,times,serif; font-size: 16px; font-style: normal; font-variant: normal; font-weight: 400; height: 300px; letter-spacing: normal; max-width: 660px; orphans: 2; outline-color: #72777c; outline-style: solid; outline-width: 1px; text-align: left; text-decoration: none; text-indent: 0px; text-transform: none; -webkit-text-stroke-width: 0px; white-space: normal; word-spacing: 0px;\" src=\"http:\/\/www.jinsg.pt\/wordpress\/wp-content\/uploads\/2018\/09\/3-e1537874024404-225x300.jpg\" alt=\"\" width=\"225\" height=\"300\" srcset=\"https:\/\/www.jinsg.pt\/wordpress\/wp-content\/uploads\/2018\/09\/3-e1537874024404-225x300.jpg 225w, https:\/\/www.jinsg.pt\/wordpress\/wp-content\/uploads\/2018\/09\/3-e1537874024404.jpg 480w\" sizes=\"(max-width: 225px) 100vw, 225px\" \/><img loading=\"lazy\" class=\"alignnone size-medium wp-image-152\" style=\"background-color: transparent; color: #333333; font-family: Georgia,&amp;quot; times new roman&amp;quot;,&amp;quot;bitstream charter&amp;quot;,times,serif; font-size: 16px; font-style: normal; font-variant: normal; font-weight: 400; height: 300px; letter-spacing: normal; max-width: 660px; orphans: 2; outline-color: #72777c; outline-style: solid; outline-width: 1px; text-align: left; text-decoration: none; text-indent: 0px; text-transform: none; -webkit-text-stroke-width: 0px; white-space: normal; word-spacing: 0px;\" src=\"http:\/\/www.jinsg.pt\/wordpress\/wp-content\/uploads\/2018\/09\/23-e1537874014595-225x300.jpg\" alt=\"\" width=\"225\" height=\"300\" srcset=\"https:\/\/www.jinsg.pt\/wordpress\/wp-content\/uploads\/2018\/09\/23-e1537874014595-225x300.jpg 225w, https:\/\/www.jinsg.pt\/wordpress\/wp-content\/uploads\/2018\/09\/23-e1537874014595.jpg 480w\" sizes=\"(max-width: 225px) 100vw, 225px\" \/><\/p>\n\n\n<figure class=\"wp-block-image size-large\"><a href=\"https:\/\/www.livroreclamacoes.pt\/Inicio\/\" target=\"_blank\" rel=\"noreferrer noopener\"><img loading=\"lazy\" width=\"140\" height=\"58\" src=\"https:\/\/www.jinsg.pt\/wordpress\/wp-content\/uploads\/2022\/03\/i010904.png\" alt=\"\" class=\"wp-image-1299\"\/><\/a><\/figure>\n","protected":false},"excerpt":{"rendered":"<p>Candidaturas no Jardim de Inf\u00e2ncia Nossa Senhora das Gra\u00e7as Ano Lectivo 2026-2027 Nota: Endere\u00e7o a funcionar dia 01-Jan-2026 \u00e0s 00.00 \u201cAprender \u00e9 importante, mas mais importante \u00e9 aprender a aprender e desejar continuar a aprender\u201d &#8211; Pedro Arrupe, sj.- No &hellip; <\/p>\n","protected":false},"author":1,"featured_media":0,"parent":0,"menu_order":0,"comment_status":"closed","ping_status":"closed","template":"","meta":[],"_links":{"self":[{"href":"https:\/\/www.jinsg.pt\/index.php?rest_route=\/wp\/v2\/pages\/5"}],"collection":[{"href":"https:\/\/www.jinsg.pt\/index.php?rest_route=\/wp\/v2\/pages"}],"about":[{"href":"https:\/\/www.jinsg.pt\/index.php?rest_route=\/wp\/v2\/types\/page"}],"author":[{"embeddable":true,"href":"https:\/\/www.jinsg.pt\/index.php?rest_route=\/wp\/v2\/users\/1"}],"replies":[{"embeddable":true,"href":"https:\/\/www.jinsg.pt\/index.php?rest_route=%2Fwp%2Fv2%2Fcomments&post=5"}],"version-history":[{"count":43,"href":"https:\/\/www.jinsg.pt\/index.php?rest_route=\/wp\/v2\/pages\/5\/revisions"}],"predecessor-version":[{"id":2290,"href":"https:\/\/www.jinsg.pt\/index.php?rest_route=\/wp\/v2\/pages\/5\/revisions\/2290"}],"wp:attachment":[{"href":"https:\/\/www.jinsg.pt\/index.php?rest_route=%2Fwp%2Fv2%2Fmedia&parent=5"}],"curies":[{"name":"wp","href":"https:\/\/api.w.org\/{rel}","templated":true}]}}