{"id":63,"date":"2018-01-26T09:56:13","date_gmt":"2018-01-26T09:56:13","guid":{"rendered":"http:\/\/www.jinsg.pt\/?page_id=63"},"modified":"2018-01-30T21:04:21","modified_gmt":"2018-01-30T21:04:21","slug":"recursos","status":"publish","type":"page","link":"https:\/\/www.jinsg.pt\/?page_id=63","title":{"rendered":"Recursos"},"content":{"rendered":"<p>O Jardim de Inf\u00e2ncia Nossa Senhora das Gra\u00e7as coloca ao seu dispor os seguintes recursos:<\/p>\n<p>&nbsp;<\/p>\n<h3>Fotografias<\/h3>\n<p>Aceda <a href=\"http:\/\/www.jinsg.pt\/photo\">neste endere\u00e7o<\/a> para visualizar as fotos das atividades e outros momentos dos seus educandos, realizadas ao longo do ano no Jardim de Inf\u00e2ncia.<\/p>\n<h3>V\u00eddeos<\/h3>\n<p>Aceda <a href=\"http:\/\/www.jinsg.pt\/video\">neste endere\u00e7o<\/a> para visualizar os v\u00eddeos das atividades, realizadas ao longo do ano no Jardim de Inf\u00e2ncia.<\/p>\n<h3>Forma\u00e7\u00e3o \u00e0 dist\u00e2ncia<\/h3>\n<p>Aceda <a href=\"http:\/\/www.jinsg.pt\/moodle\">neste endere\u00e7o<\/a> para aceder a conte\u00fados de forma\u00e7\u00e3o para Pais e Educadores, Funcion\u00e1rios e outras entidades.<\/span><\/p>\n<p>&nbsp;<\/p>\n<p><strong>Nota:<\/strong> Os acessos a estes servi\u00e7os s\u00e3o reservados apenas aos Pais, Encarregados de Educa\u00e7\u00e3o e Funcion\u00e1rios da institui\u00e7\u00e3o. Qualquer pedido de acesso ou esclarecimento dever\u00e1 ser enviado para <a href=\"mailto:geral@jinsg.pt\">geral@jinsg.pt<\/a><\/p>\n","protected":false},"excerpt":{"rendered":"<p>O Jardim de Inf\u00e2ncia Nossa Senhora das Gra\u00e7as coloca ao seu dispor os seguintes recursos: &nbsp; Fotografias Aceda neste endere\u00e7o para visualizar as fotos das atividades e outros momentos dos seus educandos, realizadas ao longo do ano no Jardim de &hellip; <\/p>\n","protected":false},"author":1,"featured_media":0,"parent":0,"menu_order":0,"comment_status":"closed","ping_status":"closed","template":"","meta":[],"_links":{"self":[{"href":"https:\/\/www.jinsg.pt\/index.php?rest_route=\/wp\/v2\/pages\/63"}],"collection":[{"href":"https:\/\/www.jinsg.pt\/index.php?rest_route=\/wp\/v2\/pages"}],"about":[{"href":"https:\/\/www.jinsg.pt\/index.php?rest_route=\/wp\/v2\/types\/page"}],"author":[{"embeddable":true,"href":"https:\/\/www.jinsg.pt\/index.php?rest_route=\/wp\/v2\/users\/1"}],"replies":[{"embeddable":true,"href":"https:\/\/www.jinsg.pt\/index.php?rest_route=%2Fwp%2Fv2%2Fcomments&post=63"}],"version-history":[{"count":6,"href":"https:\/\/www.jinsg.pt\/index.php?rest_route=\/wp\/v2\/pages\/63\/revisions"}],"predecessor-version":[{"id":75,"href":"https:\/\/www.jinsg.pt\/index.php?rest_route=\/wp\/v2\/pages\/63\/revisions\/75"}],"wp:attachment":[{"href":"https:\/\/www.jinsg.pt\/index.php?rest_route=%2Fwp%2Fv2%2Fmedia&parent=63"}],"curies":[{"name":"wp","href":"https:\/\/api.w.org\/{rel}","templated":true}]}}